{"id":2499,"date":"2025-10-31T20:04:46","date_gmt":"2025-10-31T20:04:46","guid":{"rendered":"https:\/\/medhubx.com\/?post_type=product&#038;p=2499"},"modified":"2026-03-04T20:09:04","modified_gmt":"2026-03-04T20:09:04","slug":"pos-graduacao-medhubx-2026","status":"publish","type":"product","link":"https:\/\/medhubx.com\/es\/product\/pos-graduacao-medhubx-2026\/","title":{"rendered":"P\u00f3s-Gradua\u00e7\u00e3o MedHubX 2026"},"content":{"rendered":"<p>O\u00a0<strong>Medhubx Excellence \u2013 P\u00f3s-gradua\u00e7\u00e3o em Imagem de Corpo<\/strong>\u00a0foi desenvolvido por\u00a0<strong>grandes nomes da Radiologia Abdominal e Tor\u00e1cica do Brasil, Argentina e dos Estados Unidos<\/strong>, com o prop\u00f3sito de formar profissionais capazes de\u00a0<strong>interpretar com precis\u00e3o, comunicar com clareza e impactar a pr\u00e1tica m\u00e9dica com qualidade diagn\u00f3stica.<\/strong><\/p>\n<p>Con una\u00a0<strong>metodologia moderna e flex\u00edvel<\/strong>, el programa combina\u00a0<strong>Masterclasses semanais<\/strong>,\u00a0<strong>treinamento pr\u00e1tico de treinamento pr\u00e1tico na confec\u00e7\u00e3o de relat\u00f3rios em plataforma interativa<\/strong>\u00a0e\u00a0<strong>discuss\u00e3o de artigos cient\u00edficos em um Journal Club<\/strong>\u00a0que conecta o aluno ao pensamento cr\u00edtico dos principais centros do mundo.<\/p>\n<p>Al\u00e9m disso, o curso oferece\u00a0<strong>discuss\u00f5es multidisciplinares com profissionais de refer\u00eancia em cirurgia, oncologia, gastroenterologia, pneumologia e ginecologia<\/strong>, ampliando a vis\u00e3o cl\u00ednica e promovendo o racioc\u00ednio integrado \u2014 essencial para o radiologista contempor\u00e2neo.<\/p>\n<p>Cada m\u00f3dulo foi desenhado para construir conhecimento progressivo \u2014 dos fundamentos \u00e0 fronteira do aprendizado em imagem abdominal e tor\u00e1cica \u2014 com foco no que realmente importa:\u00a0<strong>formar radiologistas mais completos, seguros e atualizados.<\/strong><\/p>\n<p>Profissionais de refer\u00eancia, totalmente envolvidos no processo de aprendizado, garantem uma forma\u00e7\u00e3o pr\u00e1tica, moderna e conectada \u00e0 realidade dos principais centros do mundo. A p\u00f3s combina\u00a0<strong>Masterclasses semanais<\/strong>,<strong>\u00a0treinamento pr\u00e1tico em DICOM, revis\u00e3o de laudos, discuss\u00e3o de artigos e comunidade colaborativa<\/strong>, com intera\u00e7\u00e3o direta com grandes empresas e acesso antecipado \u00e0s principais inova\u00e7\u00f5es do mercado.<\/p>","protected":false},"excerpt":{"rendered":"<p>O\u00a0<strong>Medhubx Excellence \u2013 P\u00f3s-gradua\u00e7\u00e3o em Imagem de Corpo<\/strong>\u00a0foi desenvolvido por\u00a0<strong>grandes nomes da Radiologia Abdominal e Tor\u00e1cica do Brasil, Argentina e dos Estados Unidos<\/strong>, com o prop\u00f3sito de formar profissionais capazes de\u00a0<strong>interpretar com precis\u00e3o, comunicar com clareza e impactar a pr\u00e1tica m\u00e9dica com qualidade diagn\u00f3stica.<\/strong><\/p>\n<p>Con una\u00a0<strong>metodologia moderna e flex\u00edvel<\/strong>, el programa combina\u00a0<strong>Masterclasses semanais<\/strong>,\u00a0<strong>treinamento pr\u00e1tico de treinamento pr\u00e1tico na confec\u00e7\u00e3o de relat\u00f3rios em plataforma interativa<\/strong>\u00a0e\u00a0<strong>discuss\u00e3o de artigos cient\u00edficos em um Journal Club<\/strong>\u00a0que conecta o aluno ao pensamento cr\u00edtico dos principais centros do mundo.<\/p>\n<p>Al\u00e9m disso, o curso oferece\u00a0<strong>discuss\u00f5es multidisciplinares com profissionais de refer\u00eancia em cirurgia, oncologia, gastroenterologia, pneumologia e ginecologia<\/strong>, ampliando a vis\u00e3o cl\u00ednica e promovendo o racioc\u00ednio integrado \u2014 essencial para o radiologista contempor\u00e2neo.<\/p>\n<p>Cada m\u00f3dulo foi desenhado para construir conhecimento progressivo \u2014 dos fundamentos \u00e0 fronteira do aprendizado em imagem abdominal e tor\u00e1cica \u2014 com foco no que realmente importa:\u00a0<strong>formar radiologistas mais completos, seguros e atualizados.<\/strong><\/p>\n<p>Profissionais de refer\u00eancia, totalmente envolvidos no processo de aprendizado, garantem uma forma\u00e7\u00e3o pr\u00e1tica, moderna e conectada \u00e0 realidade dos principais centros do mundo. A p\u00f3s combina\u00a0<strong>Masterclasses semanais<\/strong>,<strong>\u00a0treinamento pr\u00e1tico em DICOM, revis\u00e3o de laudos, discuss\u00e3o de artigos e comunidade colaborativa<\/strong>, com intera\u00e7\u00e3o direta com grandes empresas e acesso antecipado \u00e0s principais inova\u00e7\u00f5es do mercado.<\/p>","protected":false},"featured_media":2170,"comment_status":"open","ping_status":"closed","template":"","meta":[],"product_brand":[],"product_cat":[30],"product_tag":[],"class_list":{"0":"post-2499","1":"product","2":"type-product","3":"status-publish","4":"has-post-thumbnail","6":"product_cat-pos-graduacao","8":"first","9":"instock","10":"virtual","11":"purchasable","12":"product-type-subscription"},"yoast_head":"<!-- This site is optimized with the Yoast SEO plugin v27.5 - https:\/\/yoast.com\/product\/yoast-seo-wordpress\/ -->\n<title>P\u00f3s-Gradua\u00e7\u00e3o MedHubX 2026 - MedHubX - P\u00f3s-gradua\u00e7\u00e3o<\/title>\n<meta name=\"robots\" content=\"index, follow, max-snippet:-1, max-image-preview:large, max-video-preview:-1\" \/>\n<link rel=\"canonical\" href=\"https:\/\/medhubx.com\/es\/product\/pos-graduacao-medhubx-2026\/\" \/>\n<meta property=\"og:locale\" content=\"es_ES\" \/>\n<meta property=\"og:type\" content=\"article\" \/>\n<meta property=\"og:title\" content=\"P\u00f3s-Gradua\u00e7\u00e3o MedHubX 2026 - MedHubX - P\u00f3s-gradua\u00e7\u00e3o\" \/>\n<meta property=\"og:description\" content=\"O\u00a0Medhubx Excellence \u2013 P\u00f3s-gradua\u00e7\u00e3o em Imagem de Corpo\u00a0foi desenvolvido por\u00a0grandes nomes da Radiologia Abdominal e Tor\u00e1cica do Brasil, Argentina e dos Estados Unidos, com o prop\u00f3sito de formar profissionais capazes de\u00a0interpretar com precis\u00e3o, comunicar com clareza e impactar a pr\u00e1tica m\u00e9dica com qualidade diagn\u00f3stica.  Com uma\u00a0metodologia moderna e flex\u00edvel, o programa combina\u00a0Masterclasses semanais,\u00a0treinamento pr\u00e1tico de treinamento pr\u00e1tico na confec\u00e7\u00e3o de relat\u00f3rios em plataforma interativa\u00a0e\u00a0discuss\u00e3o de artigos cient\u00edficos em um Journal Club\u00a0que conecta o aluno ao pensamento cr\u00edtico dos principais centros do mundo.  Al\u00e9m disso, o curso oferece\u00a0discuss\u00f5es multidisciplinares com profissionais de refer\u00eancia em cirurgia, oncologia, gastroenterologia, pneumologia e ginecologia, ampliando a vis\u00e3o cl\u00ednica e promovendo o racioc\u00ednio integrado \u2014 essencial para o radiologista contempor\u00e2neo.  Cada m\u00f3dulo foi desenhado para construir conhecimento progressivo \u2014 dos fundamentos \u00e0 fronteira do aprendizado em imagem abdominal e tor\u00e1cica \u2014 com foco no que realmente importa:\u00a0formar radiologistas mais completos, seguros e atualizados.  Profissionais de refer\u00eancia, totalmente envolvidos no processo de aprendizado, garantem uma forma\u00e7\u00e3o pr\u00e1tica, moderna e conectada \u00e0 realidade dos principais centros do mundo. A p\u00f3s combina\u00a0Masterclasses semanais,\u00a0treinamento pr\u00e1tico em DICOM, revis\u00e3o de laudos, discuss\u00e3o de artigos e comunidade colaborativa, com intera\u00e7\u00e3o direta com grandes empresas e acesso antecipado \u00e0s principais inova\u00e7\u00f5es do mercado.\" \/>\n<meta property=\"og:url\" content=\"https:\/\/medhubx.com\/es\/product\/pos-graduacao-medhubx-2026\/\" \/>\n<meta property=\"og:site_name\" content=\"MedHubX - P\u00f3s-gradua\u00e7\u00e3o\" \/>\n<meta property=\"article:modified_time\" content=\"2026-03-04T20:09:04+00:00\" \/>\n<meta property=\"og:image\" content=\"https:\/\/medhubx.com\/wp-content\/uploads\/2025\/10\/44183.jpg\" \/>\n\t<meta property=\"og:image:width\" content=\"1000\" \/>\n\t<meta property=\"og:image:height\" content=\"571\" \/>\n\t<meta property=\"og:image:type\" content=\"image\/jpeg\" \/>\n<meta name=\"twitter:card\" content=\"summary_large_image\" \/>\n<meta name=\"twitter:label1\" content=\"Tiempo de lectura\" \/>\n\t<meta name=\"twitter:data1\" content=\"2 minutos\" \/>\n<script type=\"application\/ld+json\" class=\"yoast-schema-graph\">{\"@context\":\"https:\\\/\\\/schema.org\",\"@graph\":[{\"@type\":\"WebPage\",\"@id\":\"https:\\\/\\\/medhubx.com\\\/product\\\/pos-graduacao-medhubx-2026\\\/\",\"url\":\"https:\\\/\\\/medhubx.com\\\/product\\\/pos-graduacao-medhubx-2026\\\/\",\"name\":\"P\u00f3s-Gradua\u00e7\u00e3o MedHubX 2026 - MedHubX - P\u00f3s-gradua\u00e7\u00e3o\",\"isPartOf\":{\"@id\":\"https:\\\/\\\/medhubx.com\\\/#website\"},\"primaryImageOfPage\":{\"@id\":\"https:\\\/\\\/medhubx.com\\\/product\\\/pos-graduacao-medhubx-2026\\\/#primaryimage\"},\"image\":{\"@id\":\"https:\\\/\\\/medhubx.com\\\/product\\\/pos-graduacao-medhubx-2026\\\/#primaryimage\"},\"thumbnailUrl\":\"https:\\\/\\\/medhubx.com\\\/wp-content\\\/uploads\\\/2025\\\/10\\\/44183.jpg\",\"datePublished\":\"2025-10-31T20:04:46+00:00\",\"dateModified\":\"2026-03-04T20:09:04+00:00\",\"breadcrumb\":{\"@id\":\"https:\\\/\\\/medhubx.com\\\/product\\\/pos-graduacao-medhubx-2026\\\/#breadcrumb\"},\"inLanguage\":\"es\",\"potentialAction\":[{\"@type\":\"ReadAction\",\"target\":[\"https:\\\/\\\/medhubx.com\\\/product\\\/pos-graduacao-medhubx-2026\\\/\"]}]},{\"@type\":\"ImageObject\",\"inLanguage\":\"es\",\"@id\":\"https:\\\/\\\/medhubx.com\\\/product\\\/pos-graduacao-medhubx-2026\\\/#primaryimage\",\"url\":\"https:\\\/\\\/medhubx.com\\\/wp-content\\\/uploads\\\/2025\\\/10\\\/44183.jpg\",\"contentUrl\":\"https:\\\/\\\/medhubx.com\\\/wp-content\\\/uploads\\\/2025\\\/10\\\/44183.jpg\",\"width\":1000,\"height\":571},{\"@type\":\"BreadcrumbList\",\"@id\":\"https:\\\/\\\/medhubx.com\\\/product\\\/pos-graduacao-medhubx-2026\\\/#breadcrumb\",\"itemListElement\":[{\"@type\":\"ListItem\",\"position\":1,\"name\":\"In\u00edcio\",\"item\":\"https:\\\/\\\/medhubx.com\\\/\"},{\"@type\":\"ListItem\",\"position\":2,\"name\":\"Loja\",\"item\":\"https:\\\/\\\/medhubx.com\\\/loja\\\/\"},{\"@type\":\"ListItem\",\"position\":3,\"name\":\"P\u00f3s-Gradua\u00e7\u00e3o MedHubX 2026\"}]},{\"@type\":\"WebSite\",\"@id\":\"https:\\\/\\\/medhubx.com\\\/#website\",\"url\":\"https:\\\/\\\/medhubx.com\\\/\",\"name\":\"MedHubX - P\u00f3s-gradua\u00e7\u00e3o\",\"description\":\"Conex\u00e3o com excel\u00eancia\",\"publisher\":{\"@id\":\"https:\\\/\\\/medhubx.com\\\/#organization\"},\"potentialAction\":[{\"@type\":\"SearchAction\",\"target\":{\"@type\":\"EntryPoint\",\"urlTemplate\":\"https:\\\/\\\/medhubx.com\\\/?s={search_term_string}\"},\"query-input\":{\"@type\":\"PropertyValueSpecification\",\"valueRequired\":true,\"valueName\":\"search_term_string\"}}],\"inLanguage\":\"es\"},{\"@type\":\"Organization\",\"@id\":\"https:\\\/\\\/medhubx.com\\\/#organization\",\"name\":\"MedHubX - P\u00f3s-gradua\u00e7\u00e3o\",\"url\":\"https:\\\/\\\/medhubx.com\\\/\",\"logo\":{\"@type\":\"ImageObject\",\"inLanguage\":\"es\",\"@id\":\"https:\\\/\\\/medhubx.com\\\/#\\\/schema\\\/logo\\\/image\\\/\",\"url\":\"https:\\\/\\\/medhubx.com\\\/wp-content\\\/uploads\\\/2024\\\/08\\\/cropped-MedHubX_2Cores_DescomplicatedGreenOrange.png\",\"contentUrl\":\"https:\\\/\\\/medhubx.com\\\/wp-content\\\/uploads\\\/2024\\\/08\\\/cropped-MedHubX_2Cores_DescomplicatedGreenOrange.png\",\"width\":1364,\"height\":391,\"caption\":\"MedHubX - P\u00f3s-gradua\u00e7\u00e3o\"},\"image\":{\"@id\":\"https:\\\/\\\/medhubx.com\\\/#\\\/schema\\\/logo\\\/image\\\/\"}}]}<\/script>\n<!-- \/ Yoast SEO plugin. -->","yoast_head_json":{"title":"P\u00f3s-Gradua\u00e7\u00e3o MedHubX 2026 - MedHubX - P\u00f3s-gradua\u00e7\u00e3o","robots":{"index":"index","follow":"follow","max-snippet":"max-snippet:-1","max-image-preview":"max-image-preview:large","max-video-preview":"max-video-preview:-1"},"canonical":"https:\/\/medhubx.com\/es\/product\/pos-graduacao-medhubx-2026\/","og_locale":"es_ES","og_type":"article","og_title":"P\u00f3s-Gradua\u00e7\u00e3o MedHubX 2026 - MedHubX - P\u00f3s-gradua\u00e7\u00e3o","og_description":"O\u00a0Medhubx Excellence \u2013 P\u00f3s-gradua\u00e7\u00e3o em Imagem de Corpo\u00a0foi desenvolvido por\u00a0grandes nomes da Radiologia Abdominal e Tor\u00e1cica do Brasil, Argentina e dos Estados Unidos, com o prop\u00f3sito de formar profissionais capazes de\u00a0interpretar com precis\u00e3o, comunicar com clareza e impactar a pr\u00e1tica m\u00e9dica com qualidade diagn\u00f3stica.  Com uma\u00a0metodologia moderna e flex\u00edvel, o programa combina\u00a0Masterclasses semanais,\u00a0treinamento pr\u00e1tico de treinamento pr\u00e1tico na confec\u00e7\u00e3o de relat\u00f3rios em plataforma interativa\u00a0e\u00a0discuss\u00e3o de artigos cient\u00edficos em um Journal Club\u00a0que conecta o aluno ao pensamento cr\u00edtico dos principais centros do mundo.  Al\u00e9m disso, o curso oferece\u00a0discuss\u00f5es multidisciplinares com profissionais de refer\u00eancia em cirurgia, oncologia, gastroenterologia, pneumologia e ginecologia, ampliando a vis\u00e3o cl\u00ednica e promovendo o racioc\u00ednio integrado \u2014 essencial para o radiologista contempor\u00e2neo.  Cada m\u00f3dulo foi desenhado para construir conhecimento progressivo \u2014 dos fundamentos \u00e0 fronteira do aprendizado em imagem abdominal e tor\u00e1cica \u2014 com foco no que realmente importa:\u00a0formar radiologistas mais completos, seguros e atualizados.  Profissionais de refer\u00eancia, totalmente envolvidos no processo de aprendizado, garantem uma forma\u00e7\u00e3o pr\u00e1tica, moderna e conectada \u00e0 realidade dos principais centros do mundo. A p\u00f3s combina\u00a0Masterclasses semanais,\u00a0treinamento pr\u00e1tico em DICOM, revis\u00e3o de laudos, discuss\u00e3o de artigos e comunidade colaborativa, com intera\u00e7\u00e3o direta com grandes empresas e acesso antecipado \u00e0s principais inova\u00e7\u00f5es do mercado.","og_url":"https:\/\/medhubx.com\/es\/product\/pos-graduacao-medhubx-2026\/","og_site_name":"MedHubX - P\u00f3s-gradua\u00e7\u00e3o","article_modified_time":"2026-03-04T20:09:04+00:00","og_image":[{"width":1000,"height":571,"url":"https:\/\/medhubx.com\/wp-content\/uploads\/2025\/10\/44183.jpg","type":"image\/jpeg"}],"twitter_card":"summary_large_image","twitter_misc":{"Tiempo de lectura":"2 minutos"},"schema":{"@context":"https:\/\/schema.org","@graph":[{"@type":"WebPage","@id":"https:\/\/medhubx.com\/product\/pos-graduacao-medhubx-2026\/","url":"https:\/\/medhubx.com\/product\/pos-graduacao-medhubx-2026\/","name":"P\u00f3s-Gradua\u00e7\u00e3o MedHubX 2026 - MedHubX - P\u00f3s-gradua\u00e7\u00e3o","isPartOf":{"@id":"https:\/\/medhubx.com\/#website"},"primaryImageOfPage":{"@id":"https:\/\/medhubx.com\/product\/pos-graduacao-medhubx-2026\/#primaryimage"},"image":{"@id":"https:\/\/medhubx.com\/product\/pos-graduacao-medhubx-2026\/#primaryimage"},"thumbnailUrl":"https:\/\/medhubx.com\/wp-content\/uploads\/2025\/10\/44183.jpg","datePublished":"2025-10-31T20:04:46+00:00","dateModified":"2026-03-04T20:09:04+00:00","breadcrumb":{"@id":"https:\/\/medhubx.com\/product\/pos-graduacao-medhubx-2026\/#breadcrumb"},"inLanguage":"es","potentialAction":[{"@type":"ReadAction","target":["https:\/\/medhubx.com\/product\/pos-graduacao-medhubx-2026\/"]}]},{"@type":"ImageObject","inLanguage":"es","@id":"https:\/\/medhubx.com\/product\/pos-graduacao-medhubx-2026\/#primaryimage","url":"https:\/\/medhubx.com\/wp-content\/uploads\/2025\/10\/44183.jpg","contentUrl":"https:\/\/medhubx.com\/wp-content\/uploads\/2025\/10\/44183.jpg","width":1000,"height":571},{"@type":"BreadcrumbList","@id":"https:\/\/medhubx.com\/product\/pos-graduacao-medhubx-2026\/#breadcrumb","itemListElement":[{"@type":"ListItem","position":1,"name":"In\u00edcio","item":"https:\/\/medhubx.com\/"},{"@type":"ListItem","position":2,"name":"Loja","item":"https:\/\/medhubx.com\/loja\/"},{"@type":"ListItem","position":3,"name":"P\u00f3s-Gradua\u00e7\u00e3o MedHubX 2026"}]},{"@type":"WebSite","@id":"https:\/\/medhubx.com\/#website","url":"https:\/\/medhubx.com\/","name":"MedHubX - P\u00f3s-gradua\u00e7\u00e3o","description":"Conex\u00e3o com excel\u00eancia","publisher":{"@id":"https:\/\/medhubx.com\/#organization"},"potentialAction":[{"@type":"SearchAction","target":{"@type":"EntryPoint","urlTemplate":"https:\/\/medhubx.com\/?s={search_term_string}"},"query-input":{"@type":"PropertyValueSpecification","valueRequired":true,"valueName":"search_term_string"}}],"inLanguage":"es"},{"@type":"Organization","@id":"https:\/\/medhubx.com\/#organization","name":"MedHubX - P\u00f3s-gradua\u00e7\u00e3o","url":"https:\/\/medhubx.com\/","logo":{"@type":"ImageObject","inLanguage":"es","@id":"https:\/\/medhubx.com\/#\/schema\/logo\/image\/","url":"https:\/\/medhubx.com\/wp-content\/uploads\/2024\/08\/cropped-MedHubX_2Cores_DescomplicatedGreenOrange.png","contentUrl":"https:\/\/medhubx.com\/wp-content\/uploads\/2024\/08\/cropped-MedHubX_2Cores_DescomplicatedGreenOrange.png","width":1364,"height":391,"caption":"MedHubX - P\u00f3s-gradua\u00e7\u00e3o"},"image":{"@id":"https:\/\/medhubx.com\/#\/schema\/logo\/image\/"}}]}},"jetpack_sharing_enabled":true,"_links":{"self":[{"href":"https:\/\/medhubx.com\/es\/wp-json\/wp\/v2\/product\/2499","targetHints":{"allow":["GET"]}}],"collection":[{"href":"https:\/\/medhubx.com\/es\/wp-json\/wp\/v2\/product"}],"about":[{"href":"https:\/\/medhubx.com\/es\/wp-json\/wp\/v2\/types\/product"}],"replies":[{"embeddable":true,"href":"https:\/\/medhubx.com\/es\/wp-json\/wp\/v2\/comments?post=2499"}],"wp:featuredmedia":[{"embeddable":true,"href":"https:\/\/medhubx.com\/es\/wp-json\/wp\/v2\/media\/2170"}],"wp:attachment":[{"href":"https:\/\/medhubx.com\/es\/wp-json\/wp\/v2\/media?parent=2499"}],"wp:term":[{"taxonomy":"product_brand","embeddable":true,"href":"https:\/\/medhubx.com\/es\/wp-json\/wp\/v2\/product_brand?post=2499"},{"taxonomy":"product_cat","embeddable":true,"href":"https:\/\/medhubx.com\/es\/wp-json\/wp\/v2\/product_cat?post=2499"},{"taxonomy":"product_tag","embeddable":true,"href":"https:\/\/medhubx.com\/es\/wp-json\/wp\/v2\/product_tag?post=2499"}],"curies":[{"name":"wp","href":"https:\/\/api.w.org\/{rel}","templated":true}]}}