{"id":88,"date":"2024-08-13T20:06:01","date_gmt":"2024-08-13T20:06:01","guid":{"rendered":"https:\/\/medhubx.com\/?page_id=88"},"modified":"2024-08-13T20:10:35","modified_gmt":"2024-08-13T20:10:35","slug":"privacidade","status":"publish","type":"page","link":"https:\/\/medhubx.com\/es\/privacidade\/","title":{"rendered":"Privacidad"},"content":{"rendered":"<div data-elementor-type=\"wp-page\" data-elementor-id=\"88\" class=\"elementor elementor-88\" data-elementor-post-type=\"page\">\n\t\t\t\t<div class=\"elementor-element elementor-element-fa987b5 e-flex e-con-boxed e-con e-parent\" data-id=\"fa987b5\" data-element_type=\"container\" data-e-type=\"container\">\n\t\t\t\t\t<div class=\"e-con-inner\">\n\t\t\t\t<div class=\"elementor-element elementor-element-5567327 elementor-widget elementor-widget-heading\" data-id=\"5567327\" data-element_type=\"widget\" data-e-type=\"widget\" data-widget_type=\"heading.default\">\n\t\t\t\t<div class=\"elementor-widget-container\">\n\t\t\t\t\t<h2 class=\"elementor-heading-title elementor-size-default\">Pol\u00edtica de Privacidad\n<\/h2>\t\t\t\t<\/div>\n\t\t\t\t<\/div>\n\t\t\t\t<div class=\"elementor-element elementor-element-b5a1243 elementor-widget elementor-widget-heading\" data-id=\"b5a1243\" data-element_type=\"widget\" data-e-type=\"widget\" data-widget_type=\"heading.default\">\n\t\t\t\t<div class=\"elementor-widget-container\">\n\t\t\t\t\t<h2 class=\"elementor-heading-title elementor-size-default\">Al navegar en este sitio web, usted acepta la siguiente pol\u00edtica de privacidad.\n<\/h2>\t\t\t\t<\/div>\n\t\t\t\t<\/div>\n\t\t\t\t<div class=\"elementor-element elementor-element-0ff679d elementor-widget elementor-widget-heading\" data-id=\"0ff679d\" data-element_type=\"widget\" data-e-type=\"widget\" data-widget_type=\"heading.default\">\n\t\t\t\t<div class=\"elementor-widget-container\">\n\t\t\t\t\t<h2 class=\"elementor-heading-title elementor-size-default\">\u00daltima actualizaci\u00f3n: 13 de agosto de 2024<\/h2>\t\t\t\t<\/div>\n\t\t\t\t<\/div>\n\t\t\t\t<div class=\"elementor-element elementor-element-81449a7 elementor-widget elementor-widget-text-editor\" data-id=\"81449a7\" data-element_type=\"widget\" data-e-type=\"widget\" data-widget_type=\"text-editor.default\">\n\t\t\t\t<div class=\"elementor-widget-container\">\n\t\t\t\t\t\t\t\t\t<p>El sitio <strong>MedHubX<\/strong>\u00a0es un perfil profesional. Respetamos su privacidad y estamos comprometidos en protegerla mediante el cumplimiento de esta pol\u00edtica.<\/p><p>Esta pol\u00edtica describe los tipos de informaci\u00f3n que podemos recopilar de usted o que usted puede proporcionar cuando visita el sitio <strong>medhubx.com<\/strong>\u00a0as\u00ed como nuestras pr\u00e1cticas de recolecci\u00f3n, uso, mantenimiento, protecci\u00f3n y divulgaci\u00f3n de dicha informaci\u00f3n.<\/p><p><strong>Esta pol\u00edtica se aplica a la informaci\u00f3n que recopilamos:<\/strong><\/p><ul><li>A trav\u00e9s de este sitio, por ejemplo, mediante formularios de contacto o formularios externos.<\/li><li>En correos electr\u00f3nicos, mensajes de texto y otras comunicaciones electr\u00f3nicas entre usted y este sitio.<\/li><\/ul><p><strong>No se aplica a la informaci\u00f3n recopilada por:<\/strong><\/p><ul><li>Nosotros fuera de l\u00ednea o a trav\u00e9s de cualquier otro medio, incluyendo cualquier otro sitio operado por la Empresa o por terceros (incluyendo nuestros afiliados y subsidiarios); o<\/li><li>Cualquier tercero (incluyendo nuestros afiliados y subsidiarios, si los hubiera).<\/li><\/ul><p>Lea atentamente esta pol\u00edtica para entender nuestras pr\u00e1cticas respecto a su informaci\u00f3n y c\u00f3mo la manejamos. Si no est\u00e1 de acuerdo con nuestras pol\u00edticas y pr\u00e1cticas, su \u00fanica opci\u00f3n es abstenerse de utilizar nuestro sitio. Al acceder o utilizar este sitio, usted acepta esta pol\u00edtica de privacidad. Esta pol\u00edtica puede cambiar de vez en cuando. Su uso continuo de este sitio despu\u00e9s de los cambios se considera como su aceptaci\u00f3n de dichas modificaciones, por lo que le recomendamos revisar la pol\u00edtica peri\u00f3dicamente para obtener actualizaciones.<\/p><h6><strong>INFORMACI\u00d3N QUE RECOPILAMOS SOBRE USTED Y C\u00d3MO LA RECOPILAMOS<\/strong><\/h6><p>Recopilamos varios tipos de informaci\u00f3n de los usuarios y sobre los usuarios en nuestro sitio, incluyendo informaci\u00f3n:<\/p><ul><li>Por la cual usted puede ser identificado personalmente, como nombre, direcci\u00f3n postal, direcci\u00f3n de correo electr\u00f3nico, n\u00famero de tel\u00e9fono e informaci\u00f3n de su sitio web (\u201cinformaci\u00f3n personal\u201d);<\/li><li>Sobre su conexi\u00f3n a Internet, el equipo que utiliza para acceder a nuestro sitio y los detalles de uso.<\/li><\/ul><p><strong>Recopilamos esta informaci\u00f3n:<\/strong><\/p><ul><li>Cuando usted nos la proporciona directamente;<\/li><li>Autom\u00e1ticamente, mediante tecnolog\u00edas de an\u00e1lisis de datos, al navegar por el sitio. La informaci\u00f3n recopilada autom\u00e1ticamente puede incluir detalles de uso, direcciones IP e informaci\u00f3n recopilada a trav\u00e9s de\u00a0<em>cookies<\/em>, balizas web y otras tecnolog\u00edas de seguimiento.<\/li><li>De terceros, por ejemplo, nuestros socios comerciales.<\/li><\/ul><h6><strong>INFORMACI\u00d3N QUE USTED NOS PROPORCIONA<\/strong><\/h6><p>La informaci\u00f3n que recopilamos en o a trav\u00e9s de nuestro sitio puede incluir:<\/p><ul><li>Informaci\u00f3n que usted proporciona al completar formularios en nuestro sitio. Esto incluye informaci\u00f3n proporcionada a trav\u00e9s de nuestro formulario de contacto, formularios externos y nuestro formulario de inscripci\u00f3n de correo electr\u00f3nico. Tambi\u00e9n podemos solicitar informaci\u00f3n cuando usted informe un problema con nuestro sitio.<\/li><li>Registros y copias de su correspondencia (incluyendo direcciones de correo electr\u00f3nico), si usted se pone en contacto con nosotros.<\/li><\/ul><p>Tambi\u00e9n puede proporcionar informaci\u00f3n para ser publicada o exhibida (en adelante, \u201cpublicada\u201d) en \u00e1reas p\u00fablicas del sitio, o transmitida a otros usuarios del sitio o a terceros (\u201cContribuciones del Usuario\u201d). Sus contribuciones de usuario son publicadas y transmitidas a otras personas bajo su propio riesgo. Recuerde que ninguna medida de seguridad es perfecta o impenetrable. Adem\u00e1s, no podemos controlar las acciones de otros usuarios del sitio con quienes usted puede optar por compartir informaci\u00f3n. Por lo tanto, no podemos y no garantizamos que su informaci\u00f3n no sea vista por personas no autorizadas si opta por compartirla p\u00fablicamente o con otros Usuarios.<\/p><h6><strong>INFORMACI\u00d3N QUE RECOPILAMOS A TRAV\u00c9S DE TECNOLOG\u00cdAS AUTOM\u00c1TICAS DE RECOLECCI\u00d3N DE DATOS<\/strong><\/h6><p>A medida que usted interact\u00faa con nuestro sitio, podemos utilizar tecnolog\u00edas autom\u00e1ticas de recolecci\u00f3n de datos para recopilar cierta informaci\u00f3n sobre su equipo, acciones y patrones de navegaci\u00f3n, incluyendo:<\/p><ul><li>Detalles de sus visitas a nuestro sitio, incluyendo datos de tr\u00e1fico, datos de ubicaci\u00f3n, registros y otros datos de comunicaci\u00f3n, as\u00ed como los recursos que usted accede y utiliza en el sitio.<\/li><li>Informaci\u00f3n sobre su computadora y conexi\u00f3n a Internet, incluyendo su direcci\u00f3n IP, sistema operativo y tipo de navegador.<\/li><\/ul><p>Tambi\u00e9n podemos utilizar estas tecnolog\u00edas para recopilar informaci\u00f3n sobre sus actividades en l\u00ednea a lo largo del tiempo y en sitios de terceros u otros servicios en l\u00ednea (rastreo comportamental).<\/p><p><strong>Nota:<\/strong>\u00a0\u201c<em>Do not Track<\/em>\"Do not Track\" (No rastrear) es una preferencia que usted puede configurar en su navegador para que los sitios que visite sepan que no desea que recopilen cierta informaci\u00f3n sobre usted.<\/p><p>La informaci\u00f3n que recopilamos autom\u00e1ticamente son datos estad\u00edsticos y no incluyen informaci\u00f3n personal, pero podemos mantenerla o asociarla con informaci\u00f3n personal que recopilamos de otras maneras o recibimos de terceros. Esto nos ayuda a mejorar nuestro sitio y ofrecer un servicio mejor y m\u00e1s personalizado, permiti\u00e9ndonos:<\/p><ul><li>Evaluar el tama\u00f1o de la audiencia y los patrones de uso.<\/li><li>Almacenar informaci\u00f3n sobre sus preferencias, permiti\u00e9ndonos personalizar nuestro sitio de acuerdo con sus intereses individuales.<\/li><li>Acelerar sus b\u00fasquedas.<\/li><li>Reconocerlo cuando regrese a nuestro sitio.<\/li><\/ul><p>Las tecnolog\u00edas que utilizamos para esta recolecci\u00f3n autom\u00e1tica de datos pueden incluir:<\/p><ul><li><strong>Cookies<\/strong>\u00a0(o cookies del navegador): Una cookie es un peque\u00f1o archivo colocado en el disco duro de su computadora. Usted puede optar por no aceptar las cookies del navegador activando la configuraci\u00f3n apropiada en su navegador. Sin embargo, si selecciona esta configuraci\u00f3n, es posible que no pueda acceder a ciertas partes de nuestro sitio. A menos que haya ajustado la configuraci\u00f3n de su navegador para que rechace cookies, nuestro sistema emitir\u00e1 cookies cuando usted dirija su navegador a nuestro sitio.<\/li><li><strong>Web Beacons<\/strong>Las p\u00e1ginas de nuestro sitio y algunos de nuestros correos electr\u00f3nicos pueden contener peque\u00f1os archivos electr\u00f3nicos conocidos como web beacons (tambi\u00e9n llamados etiquetas de p\u00edxeles y gifs de un p\u00edxel) que permiten a la empresa, por ejemplo, contar usuarios que visitaron esas p\u00e1ginas, abrieron un correo electr\u00f3nico y otras estad\u00edsticas relacionadas con el sitio (por ejemplo, registrando la popularidad de ciertos contenidos del sitio y verificando la integridad del sistema y del servidor).<\/li><\/ul><h6><strong>USO DE COOKIES POR TERCEROS Y OTRAS INFORMACIONES DE RASTREO<\/strong><\/h6><p>Algunos contenidos y\/o aplicaciones en el sitio son proporcionados por terceros, incluyendo proveedores de contenido, complementos y aplicaciones de terceros, como WordPress. Estos terceros pueden utilizar\u00a0<em>cookies<\/em>\u00a0(aisladas o en combinaci\u00f3n con\u00a0<em>web beacons<\/em>\u00a0u otras tecnolog\u00edas de rastreo) para recopilar informaci\u00f3n sobre usted cuando utiliza nuestro sitio. La informaci\u00f3n que recopilan puede estar asociada con su informaci\u00f3n personal o puede recopilar informaci\u00f3n, incluyendo informaci\u00f3n personal, sobre sus actividades en l\u00ednea a lo largo del tiempo y en diferentes sitios y otros servicios en l\u00ednea. Ellos pueden utilizar esta informaci\u00f3n para proporcionar anuncios basados en intereses (comportamentales) u otro contenido espec\u00edfico.<\/p><p>No controlamos estas tecnolog\u00edas de rastreo de terceros ni c\u00f3mo pueden ser utilizadas. Si tiene alguna pregunta sobre un anuncio u otro contenido espec\u00edfico, comun\u00edquese directamente con el proveedor responsable.<\/p><h6><strong>C\u00d3MO USAMOS SU INFORMACI\u00d3N<\/strong><\/h6><p>Usamos la informaci\u00f3n que recopilamos sobre usted o que usted nos proporciona, incluyendo cualquier informaci\u00f3n personal:<\/p><ul><li>Para presentar nuestro sitio y su contenido a usted.<\/li><li>Para proporcionarle informaci\u00f3n, productos o servicios que usted haya solicitado.<\/li><li>Para enviarle boletines informativos a los que usted se haya suscrito.<\/li><li>Para cumplir con nuestras obligaciones y hacer valer nuestros derechos derivados de cualquier contrato<br \/>entre usted y nosotros, incluyendo la facturaci\u00f3n.<\/li><li>Para notificarle sobre cambios en nuestro sitio o en cualquier producto o servicio que ofrecemos.<\/li><li>Para cualquier otro prop\u00f3sito con su consentimiento.<\/li><\/ul><p>Tambi\u00e9n podemos usar su informaci\u00f3n para contactarlo sobre bienes y servicios propios y de terceros que puedan ser de su inter\u00e9s. Si no desea que utilicemos su informaci\u00f3n de esta manera, utilice el bot\u00f3n de cancelaci\u00f3n proporcionado en el correo electr\u00f3nico.<\/p><h6><strong>DIVULGACI\u00d3N DE SU INFORMACI\u00d3N<\/strong><\/h6><p>Podemos divulgar informaci\u00f3n agregada, an\u00f3nima y\/o no identificable sobre nuestros usuarios sin restricciones. Sin embargo, no compartimos, y no compartiremos, informaci\u00f3n de identificaci\u00f3n personal con terceros, excepto en las siguientes circunstancias limitadas:<\/p><ul><li>Con contratistas, proveedores de servicios y otros terceros que apoyan nuestro negocio y que est\u00e1n obligados por acuerdos contractuales a mantener la informaci\u00f3n personal confidencial y usarla solo para los fines para los cuales se divulga.<\/li><li>Con un comprador u otro sucesor en caso de fusi\u00f3n, venta, reestructuraci\u00f3n, reorganizaci\u00f3n, disoluci\u00f3n u otra venta o transferencia de algunos o todos los activos de la Empresa, ya sea como una empresa en funcionamiento o como parte de una quiebra, liquidaci\u00f3n o procedimiento similar, en el que la informaci\u00f3n personal mantenida por la Empresa sobre los usuarios de nuestro sitio sea uno de los activos transferidos.<\/li><li>Para cumplir con el prop\u00f3sito para el cual usted la proporciona.<\/li><li>Para cumplir con cualquier orden judicial, ley o proceso legal, incluyendo responder a cualquier solicitud gubernamental o regulatoria.<\/li><li>Para hacer cumplir o aplicar nuestros t\u00e9rminos de uso y otros acuerdos, incluyendo para fines de facturaci\u00f3n.<\/li><li>Si creemos que la divulgaci\u00f3n es necesaria o apropiada para proteger los derechos, propiedad o seguridad de la Empresa, nuestros clientes u otros. Esto puede incluir compartir informaci\u00f3n con otras empresas y organizaciones para fines de protecci\u00f3n contra fraudes y reducci\u00f3n de riesgo de cr\u00e9dito.<\/li><li>Con su consentimiento.<\/li><\/ul><h6><strong>OPCIONES SOBRE C\u00d3MO USAMOS Y DIVULGAMOS SU INFORMACI\u00d3N<\/strong><\/h6><p>Nos esforzamos por ofrecer opciones sobre la informaci\u00f3n personal que usted nos ha proporcionado. Los siguientes mecanismos deben ayudar a proporcionar control sobre su informaci\u00f3n:<\/p><ul><li><strong>Tecnolog\u00edas de rastreo y publicidad:<\/strong>\u00a0Puede configurar su navegador para rechazar todos o algunos cookies del navegador, o para que le avise cuando se env\u00eden cookies. Para saber c\u00f3mo puede gestionar sus configuraciones de cookies, visite la p\u00e1gina de configuraciones de su navegador. Si desactiva o rechaza cookies, tenga en cuenta que algunas partes de este sitio pueden ser inaccesibles o no funcionar correctamente.<\/li><li><strong>Ofertas promocionales de la Empresa<\/strong> Si no desea que su direcci\u00f3n de correo electr\u00f3nico sea utilizada por la Empresa para promover nuestros productos o servicios propios o de terceros, puede cancelar la suscripci\u00f3n, usando el bot\u00f3n de cancelaci\u00f3n incluido en el correo electr\u00f3nico, o envi\u00e1ndonos un correo electr\u00f3nico informando su solicitud a <strong>contato@medhubx.com<\/strong>. Si le enviamos un correo electr\u00f3nico promocional, puede enviarnos un correo electr\u00f3nico solicitando ser excluido de futuras distribuciones de correo electr\u00f3nico.<\/li><\/ul><p>No controlamos la recolecci\u00f3n o uso de su informaci\u00f3n por terceros para servir publicidad basada en intereses. Sin embargo, estos terceros pueden proporcionar maneras de optar por no tener sus informaci\u00f3n recopilada o utilizada de esta manera.<\/p><h6><strong>ACCESO Y CORRECCI\u00d3N DE SU INFORMACI\u00d3N<\/strong><\/h6><p>Puede solicitar que se corrija o elimine su informaci\u00f3n personal enviando un correo electr\u00f3nico a <strong>contato@medhubx.com<\/strong>. Sin embargo, no podemos atender una solicitud para cambiar informaci\u00f3n si creemos que el cambio violar\u00eda alguna ley o requisito legal, o si la informaci\u00f3n es incorrecta.<\/p><p>Si elimina las contribuciones del usuario del sitio, las copias de las contribuciones del usuario pueden permanecer visibles en p\u00e1ginas almacenadas en cach\u00e9 y archivadas, o pueden haber sido copiadas o almacenadas por otros usuarios del sitio. El acceso y uso adecuado de la informaci\u00f3n proporcionada en el sitio, incluyendo las contribuciones de los usuarios, est\u00e1 regido por nuestros\u00a0<a href=\"https:\/\/medhubx.com\/es\/termos\/\"><strong><em>T\u00e9rminos de Uso.<\/em><\/strong><\/a>.<\/p><h6><strong>SEGURIDAD DE DATOS<\/strong><\/h6><p>Implementamos medidas destinadas a proteger su informaci\u00f3n personal contra p\u00e9rdidas accidentales y accesos, usos, alteraciones y divulgaciones no autorizados. Toda la informaci\u00f3n que usted nos proporciona se almacena en servidores seguros detr\u00e1s de cortafuegos, y limitamos el acceso que nuestro personal tiene a dicha informaci\u00f3n.<\/p><p>La seguridad de su informaci\u00f3n tambi\u00e9n depende de usted. Le instamos a tener cuidado al divulgar informaci\u00f3n en \u00e1reas p\u00fablicas del sitio, como foros o secciones de comentarios. La informaci\u00f3n que usted comparte en \u00e1reas p\u00fablicas puede ser vista por cualquier usuario del sitio.<\/p><p>Lamentablemente, la transmisi\u00f3n de informaci\u00f3n a trav\u00e9s de Internet no es completamente segura. Aunque hacemos todo lo posible para proteger su informaci\u00f3n personal, no podemos garantizar la seguridad de la informaci\u00f3n personal transmitida a nuestro sitio. Cualquier transmisi\u00f3n de informaci\u00f3n personal es responsabilidad suya. No somos responsables por la evasi\u00f3n de cualquier configuraci\u00f3n de privacidad o medidas de seguridad contenidas en el sitio.<\/p><h6><strong>CAMBIOS EN NUESTRA POL\u00cdTICA DE PRIVACIDAD<\/strong><\/h6><p>Es nuestra pol\u00edtica publicar cualquier cambio que hagamos en nuestra pol\u00edtica de privacidad en esta p\u00e1gina, con un aviso en la p\u00e1gina de inicio del sitio indicando que la pol\u00edtica de privacidad ha sido actualizada. Si hacemos cambios materiales en la forma en que tratamos la informaci\u00f3n personal de nuestros usuarios, le notificaremos por correo electr\u00f3nico a la direcci\u00f3n principal especificada en su cuenta y\/o a trav\u00e9s de un aviso en la p\u00e1gina de inicio del sitio. La fecha en que se actualiz\u00f3 por \u00faltima vez la pol\u00edtica de privacidad se encuentra en la parte superior de la p\u00e1gina. Usted es responsable de asegurarse de que tengamos una direcci\u00f3n de correo electr\u00f3nico actualizada y activa para ponernos en contacto con usted, y de visitar peri\u00f3dicamente nuestro sitio y esta pol\u00edtica de privacidad para verificar si hay cambios.<\/p><h6><strong>INFORMACI\u00d3N DE CONTACTO<\/strong><\/h6><p>Para hacer preguntas o comentar sobre esta pol\u00edtica de privacidad y nuestras pr\u00e1cticas de privacidad, comun\u00edquese a trav\u00e9s del correo electr\u00f3nico: <strong>contato@medhubx.com<\/strong>.<\/p>\t\t\t\t\t\t\t\t<\/div>\n\t\t\t\t<\/div>\n\t\t\t\t\t<\/div>\n\t\t\t\t<\/div>\n\t\t\t\t<\/div>","protected":false},"excerpt":{"rendered":"<p>Pol\u00edtica de Privacidade Navegando neste website voc\u00ea concorda com a seguinte pol\u00edtica de privacidade. \u00daltima atualiza\u00e7\u00e3o: 13 de agosto de 2024 O site MedHubX\u00a0\u00e9 um perfil profissional. N\u00f3s respeitamos a sua privacidade e estamos comprometidos em proteg\u00ea-la atrav\u00e9s da nossa conformidade com esta pol\u00edtica. Esta pol\u00edtica descreve os tipos de informa\u00e7\u00f5es que podemos coletar de [&hellip;]<\/p>\n","protected":false},"author":2,"featured_media":0,"parent":0,"menu_order":0,"comment_status":"closed","ping_status":"closed","template":"","meta":{"footnotes":""},"class_list":["post-88","page","type-page","status-publish","hentry"],"yoast_head":"<!-- This site is optimized with the Yoast SEO plugin v27.5 - https:\/\/yoast.com\/product\/yoast-seo-wordpress\/ -->\n<title>Privacidade - MedHubX - P\u00f3s-gradua\u00e7\u00e3o<\/title>\n<meta name=\"description\" content=\"Pol\u00edtica de Privacidade do site MedHubX, uma plataforma de ensino m\u00e9dico com metodologia inovadora. Acesse para mais informa\u00e7\u00f5es!\" \/>\n<meta name=\"robots\" content=\"index, follow, max-snippet:-1, max-image-preview:large, max-video-preview:-1\" \/>\n<link rel=\"canonical\" href=\"https:\/\/medhubx.com\/es\/privacidade\/\" \/>\n<meta property=\"og:locale\" content=\"es_ES\" \/>\n<meta property=\"og:type\" content=\"article\" \/>\n<meta property=\"og:title\" content=\"Privacidade - MedHubX - P\u00f3s-gradua\u00e7\u00e3o\" \/>\n<meta property=\"og:description\" content=\"Pol\u00edtica de Privacidade do site MedHubX, uma plataforma de ensino m\u00e9dico com metodologia inovadora. Acesse para mais informa\u00e7\u00f5es!\" \/>\n<meta property=\"og:url\" content=\"https:\/\/medhubx.com\/es\/privacidade\/\" \/>\n<meta property=\"og:site_name\" content=\"MedHubX - P\u00f3s-gradua\u00e7\u00e3o\" \/>\n<meta property=\"article:modified_time\" content=\"2024-08-13T20:10:35+00:00\" \/>\n<meta name=\"twitter:card\" content=\"summary_large_image\" \/>\n<meta name=\"twitter:label1\" content=\"Tiempo de lectura\" \/>\n\t<meta name=\"twitter:data1\" content=\"12 minutos\" \/>\n<script type=\"application\/ld+json\" class=\"yoast-schema-graph\">{\"@context\":\"https:\\\/\\\/schema.org\",\"@graph\":[{\"@type\":\"WebPage\",\"@id\":\"https:\\\/\\\/medhubx.com\\\/privacidade\\\/\",\"url\":\"https:\\\/\\\/medhubx.com\\\/privacidade\\\/\",\"name\":\"Privacidade - MedHubX - P\u00f3s-gradua\u00e7\u00e3o\",\"isPartOf\":{\"@id\":\"https:\\\/\\\/medhubx.com\\\/#website\"},\"datePublished\":\"2024-08-13T20:06:01+00:00\",\"dateModified\":\"2024-08-13T20:10:35+00:00\",\"description\":\"Pol\u00edtica de Privacidade do site MedHubX, uma plataforma de ensino m\u00e9dico com metodologia inovadora. Acesse para mais informa\u00e7\u00f5es!\",\"breadcrumb\":{\"@id\":\"https:\\\/\\\/medhubx.com\\\/privacidade\\\/#breadcrumb\"},\"inLanguage\":\"es\",\"potentialAction\":[{\"@type\":\"ReadAction\",\"target\":[\"https:\\\/\\\/medhubx.com\\\/privacidade\\\/\"]}]},{\"@type\":\"BreadcrumbList\",\"@id\":\"https:\\\/\\\/medhubx.com\\\/privacidade\\\/#breadcrumb\",\"itemListElement\":[{\"@type\":\"ListItem\",\"position\":1,\"name\":\"In\u00edcio\",\"item\":\"https:\\\/\\\/medhubx.com\\\/\"},{\"@type\":\"ListItem\",\"position\":2,\"name\":\"Privacidade\"}]},{\"@type\":\"WebSite\",\"@id\":\"https:\\\/\\\/medhubx.com\\\/#website\",\"url\":\"https:\\\/\\\/medhubx.com\\\/\",\"name\":\"MedHubX - P\u00f3s-gradua\u00e7\u00e3o\",\"description\":\"Conex\u00e3o com excel\u00eancia\",\"publisher\":{\"@id\":\"https:\\\/\\\/medhubx.com\\\/#organization\"},\"potentialAction\":[{\"@type\":\"SearchAction\",\"target\":{\"@type\":\"EntryPoint\",\"urlTemplate\":\"https:\\\/\\\/medhubx.com\\\/?s={search_term_string}\"},\"query-input\":{\"@type\":\"PropertyValueSpecification\",\"valueRequired\":true,\"valueName\":\"search_term_string\"}}],\"inLanguage\":\"es\"},{\"@type\":\"Organization\",\"@id\":\"https:\\\/\\\/medhubx.com\\\/#organization\",\"name\":\"MedHubX - P\u00f3s-gradua\u00e7\u00e3o\",\"url\":\"https:\\\/\\\/medhubx.com\\\/\",\"logo\":{\"@type\":\"ImageObject\",\"inLanguage\":\"es\",\"@id\":\"https:\\\/\\\/medhubx.com\\\/#\\\/schema\\\/logo\\\/image\\\/\",\"url\":\"https:\\\/\\\/medhubx.com\\\/wp-content\\\/uploads\\\/2024\\\/08\\\/cropped-MedHubX_2Cores_DescomplicatedGreenOrange.png\",\"contentUrl\":\"https:\\\/\\\/medhubx.com\\\/wp-content\\\/uploads\\\/2024\\\/08\\\/cropped-MedHubX_2Cores_DescomplicatedGreenOrange.png\",\"width\":1364,\"height\":391,\"caption\":\"MedHubX - P\u00f3s-gradua\u00e7\u00e3o\"},\"image\":{\"@id\":\"https:\\\/\\\/medhubx.com\\\/#\\\/schema\\\/logo\\\/image\\\/\"}}]}<\/script>\n<!-- \/ Yoast SEO plugin. -->","yoast_head_json":{"title":"Privacidade - MedHubX - P\u00f3s-gradua\u00e7\u00e3o","description":"Pol\u00edtica de Privacidade do site MedHubX, uma plataforma de ensino m\u00e9dico com metodologia inovadora. Acesse para mais informa\u00e7\u00f5es!","robots":{"index":"index","follow":"follow","max-snippet":"max-snippet:-1","max-image-preview":"max-image-preview:large","max-video-preview":"max-video-preview:-1"},"canonical":"https:\/\/medhubx.com\/es\/privacidade\/","og_locale":"es_ES","og_type":"article","og_title":"Privacidade - MedHubX - P\u00f3s-gradua\u00e7\u00e3o","og_description":"Pol\u00edtica de Privacidade do site MedHubX, uma plataforma de ensino m\u00e9dico com metodologia inovadora. Acesse para mais informa\u00e7\u00f5es!","og_url":"https:\/\/medhubx.com\/es\/privacidade\/","og_site_name":"MedHubX - P\u00f3s-gradua\u00e7\u00e3o","article_modified_time":"2024-08-13T20:10:35+00:00","twitter_card":"summary_large_image","twitter_misc":{"Tiempo de lectura":"12 minutos"},"schema":{"@context":"https:\/\/schema.org","@graph":[{"@type":"WebPage","@id":"https:\/\/medhubx.com\/privacidade\/","url":"https:\/\/medhubx.com\/privacidade\/","name":"Privacidade - MedHubX - P\u00f3s-gradua\u00e7\u00e3o","isPartOf":{"@id":"https:\/\/medhubx.com\/#website"},"datePublished":"2024-08-13T20:06:01+00:00","dateModified":"2024-08-13T20:10:35+00:00","description":"Pol\u00edtica de Privacidade do site MedHubX, uma plataforma de ensino m\u00e9dico com metodologia inovadora. Acesse para mais informa\u00e7\u00f5es!","breadcrumb":{"@id":"https:\/\/medhubx.com\/privacidade\/#breadcrumb"},"inLanguage":"es","potentialAction":[{"@type":"ReadAction","target":["https:\/\/medhubx.com\/privacidade\/"]}]},{"@type":"BreadcrumbList","@id":"https:\/\/medhubx.com\/privacidade\/#breadcrumb","itemListElement":[{"@type":"ListItem","position":1,"name":"In\u00edcio","item":"https:\/\/medhubx.com\/"},{"@type":"ListItem","position":2,"name":"Privacidade"}]},{"@type":"WebSite","@id":"https:\/\/medhubx.com\/#website","url":"https:\/\/medhubx.com\/","name":"MedHubX - P\u00f3s-gradua\u00e7\u00e3o","description":"Conex\u00e3o com excel\u00eancia","publisher":{"@id":"https:\/\/medhubx.com\/#organization"},"potentialAction":[{"@type":"SearchAction","target":{"@type":"EntryPoint","urlTemplate":"https:\/\/medhubx.com\/?s={search_term_string}"},"query-input":{"@type":"PropertyValueSpecification","valueRequired":true,"valueName":"search_term_string"}}],"inLanguage":"es"},{"@type":"Organization","@id":"https:\/\/medhubx.com\/#organization","name":"MedHubX - P\u00f3s-gradua\u00e7\u00e3o","url":"https:\/\/medhubx.com\/","logo":{"@type":"ImageObject","inLanguage":"es","@id":"https:\/\/medhubx.com\/#\/schema\/logo\/image\/","url":"https:\/\/medhubx.com\/wp-content\/uploads\/2024\/08\/cropped-MedHubX_2Cores_DescomplicatedGreenOrange.png","contentUrl":"https:\/\/medhubx.com\/wp-content\/uploads\/2024\/08\/cropped-MedHubX_2Cores_DescomplicatedGreenOrange.png","width":1364,"height":391,"caption":"MedHubX - P\u00f3s-gradua\u00e7\u00e3o"},"image":{"@id":"https:\/\/medhubx.com\/#\/schema\/logo\/image\/"}}]}},"jetpack_sharing_enabled":true,"_links":{"self":[{"href":"https:\/\/medhubx.com\/es\/wp-json\/wp\/v2\/pages\/88","targetHints":{"allow":["GET"]}}],"collection":[{"href":"https:\/\/medhubx.com\/es\/wp-json\/wp\/v2\/pages"}],"about":[{"href":"https:\/\/medhubx.com\/es\/wp-json\/wp\/v2\/types\/page"}],"author":[{"embeddable":true,"href":"https:\/\/medhubx.com\/es\/wp-json\/wp\/v2\/users\/2"}],"replies":[{"embeddable":true,"href":"https:\/\/medhubx.com\/es\/wp-json\/wp\/v2\/comments?post=88"}],"version-history":[{"count":7,"href":"https:\/\/medhubx.com\/es\/wp-json\/wp\/v2\/pages\/88\/revisions"}],"predecessor-version":[{"id":95,"href":"https:\/\/medhubx.com\/es\/wp-json\/wp\/v2\/pages\/88\/revisions\/95"}],"wp:attachment":[{"href":"https:\/\/medhubx.com\/es\/wp-json\/wp\/v2\/media?parent=88"}],"curies":[{"name":"wp","href":"https:\/\/api.w.org\/{rel}","templated":true}]}}